{"id":1113,"date":"2023-12-27T23:32:25","date_gmt":"2023-12-27T22:32:25","guid":{"rendered":"https:\/\/sto-cars.com\/?post_type=product&#038;p=1113"},"modified":"2025-10-06T16:33:59","modified_gmt":"2025-10-06T14:33:59","slug":"depot-de-caution","status":"publish","type":"product","link":"https:\/\/sto-cars.com\/index.php\/product\/depot-de-caution\/","title":{"rendered":"D\u00e9p\u00f4t de caution"},"content":{"rendered":"<p>Le montant ne sera pas encaiss\u00e9. Pour les r\u00e9servations &gt; 5j, le montant sera encaiss\u00e9 puis rembours\u00e9 en totalit\u00e9 au retour, sous r\u00e9serve de la restitution du v\u00e9hicule dans les conditions contractuelles.<\/p>\n","protected":false},"excerpt":{"rendered":"<ol>\n<li>Le montant ne sera pas encaiss\u00e9.<\/li>\n<li>Pour les r\u00e9servations &gt; 5j, le montant est encaiss\u00e9 puis rembours\u00e9 en totalit\u00e9 \u00e0 la fin de la location, sous r\u00e9serve de la restitution du v\u00e9hicule dans les conditions contractuelles.<\/li>\n<\/ol>\n","protected":false},"featured_media":1069,"comment_status":"open","ping_status":"closed","template":"","meta":{"om_disable_all_campaigns":false,"_uag_custom_page_level_css":"","_monsterinsights_skip_tracking":false,"_monsterinsights_sitenote_active":false,"_monsterinsights_sitenote_note":"","_monsterinsights_sitenote_category":0,"site-sidebar-layout":"default","site-content-layout":"","ast-site-content-layout":"default","site-content-style":"default","site-sidebar-style":"default","ast-global-header-display":"","ast-banner-title-visibility":"","ast-main-header-display":"","ast-hfb-above-header-display":"","ast-hfb-below-header-display":"","ast-hfb-mobile-header-display":"","site-post-title":"","ast-breadcrumbs-content":"","ast-featured-img":"","footer-sml-layout":"","ast-disable-related-posts":"","theme-transparent-header-meta":"default","adv-header-id-meta":"","stick-header-meta":"","header-above-stick-meta":"","header-main-stick-meta":"","header-below-stick-meta":"","astra-migrate-meta-layouts":"set","ast-page-background-enabled":"default","ast-page-background-meta":{"desktop":{"background-color":"","background-image":"","background-repeat":"repeat","background-position":"center center","background-size":"auto","background-attachment":"scroll","background-type":"","background-media":"","overlay-type":"","overlay-color":"","overlay-opacity":"","overlay-gradient":""},"tablet":{"background-color":"","background-image":"","background-repeat":"repeat","background-position":"center center","background-size":"auto","background-attachment":"scroll","background-type":"","background-media":"","overlay-type":"","overlay-color":"","overlay-opacity":"","overlay-gradient":""},"mobile":{"background-color":"","background-image":"","background-repeat":"repeat","background-position":"center center","background-size":"auto","background-attachment":"scroll","background-type":"","background-media":"","overlay-type":"","overlay-color":"","overlay-opacity":"","overlay-gradient":""}},"ast-content-background-meta":{"desktop":{"background-color":"var(--ast-global-color-5)","background-image":"","background-repeat":"repeat","background-position":"center center","background-size":"auto","background-attachment":"scroll","background-type":"","background-media":"","overlay-type":"","overlay-color":"","overlay-opacity":"","overlay-gradient":""},"tablet":{"background-color":"var(--ast-global-color-5)","background-image":"","background-repeat":"repeat","background-position":"center center","background-size":"auto","background-attachment":"scroll","background-type":"","background-media":"","overlay-type":"","overlay-color":"","overlay-opacity":"","overlay-gradient":""},"mobile":{"background-color":"var(--ast-global-color-5)","background-image":"","background-repeat":"repeat","background-position":"center center","background-size":"auto","background-attachment":"scroll","background-type":"","background-media":"","overlay-type":"","overlay-color":"","overlay-opacity":"","overlay-gradient":""}}},"product_cat":[30],"product_tag":[],"aioseo_notices":[],"uagb_featured_image_src":{"full":["https:\/\/i0.wp.com\/sto-cars.com\/wp-content\/uploads\/2023\/12\/cle-cession-voiture-pret.jpeg-scaled.jpg?fit=2560%2C1708&ssl=1",2560,1708,false],"thumbnail":["https:\/\/i0.wp.com\/sto-cars.com\/wp-content\/uploads\/2023\/12\/cle-cession-voiture-pret.jpeg-scaled.jpg?resize=150%2C150&ssl=1",150,150,true],"medium":["https:\/\/i0.wp.com\/sto-cars.com\/wp-content\/uploads\/2023\/12\/cle-cession-voiture-pret.jpeg-scaled.jpg?fit=300%2C200&ssl=1",300,200,true],"medium_large":["https:\/\/i0.wp.com\/sto-cars.com\/wp-content\/uploads\/2023\/12\/cle-cession-voiture-pret.jpeg-scaled.jpg?fit=768%2C512&ssl=1",768,512,true],"large":["https:\/\/i0.wp.com\/sto-cars.com\/wp-content\/uploads\/2023\/12\/cle-cession-voiture-pret.jpeg-scaled.jpg?fit=1024%2C683&ssl=1",1024,683,true],"1536x1536":["https:\/\/i0.wp.com\/sto-cars.com\/wp-content\/uploads\/2023\/12\/cle-cession-voiture-pret.jpeg-scaled.jpg?fit=1536%2C1025&ssl=1",1536,1025,true],"2048x2048":["https:\/\/i0.wp.com\/sto-cars.com\/wp-content\/uploads\/2023\/12\/cle-cession-voiture-pret.jpeg-scaled.jpg?fit=2048%2C1366&ssl=1",2048,1366,true],"mailpoet_newsletter_max":["https:\/\/i0.wp.com\/sto-cars.com\/wp-content\/uploads\/2023\/12\/cle-cession-voiture-pret.jpeg-scaled.jpg?fit=1320%2C881&ssl=1",1320,881,true],"woocommerce_thumbnail":["https:\/\/i0.wp.com\/sto-cars.com\/wp-content\/uploads\/2023\/12\/cle-cession-voiture-pret.jpeg-scaled.jpg?resize=300%2C300&ssl=1",300,300,true],"woocommerce_single":["https:\/\/i0.wp.com\/sto-cars.com\/wp-content\/uploads\/2023\/12\/cle-cession-voiture-pret.jpeg-scaled.jpg?fit=600%2C400&ssl=1",600,400,true],"woocommerce_gallery_thumbnail":["https:\/\/i0.wp.com\/sto-cars.com\/wp-content\/uploads\/2023\/12\/cle-cession-voiture-pret.jpeg-scaled.jpg?resize=100%2C100&ssl=1",100,100,true]},"uagb_author_info":{"display_name":"sto-cars.com","author_link":"https:\/\/sto-cars.com\/index.php\/author\/"},"uagb_comment_info":4,"uagb_excerpt":"Le montant ne sera pas encaiss\u00e9. Pour les r\u00e9servations &gt; 5j, le montant est encaiss\u00e9 puis rembours\u00e9 en totalit\u00e9 \u00e0 la fin de la location, sous r\u00e9serve de la restitution du v\u00e9hicule dans les conditions contractuelles.","_links":{"self":[{"href":"https:\/\/sto-cars.com\/index.php\/wp-json\/wp\/v2\/product\/1113"}],"collection":[{"href":"https:\/\/sto-cars.com\/index.php\/wp-json\/wp\/v2\/product"}],"about":[{"href":"https:\/\/sto-cars.com\/index.php\/wp-json\/wp\/v2\/types\/product"}],"replies":[{"embeddable":true,"href":"https:\/\/sto-cars.com\/index.php\/wp-json\/wp\/v2\/comments?post=1113"}],"wp:featuredmedia":[{"embeddable":true,"href":"https:\/\/sto-cars.com\/index.php\/wp-json\/wp\/v2\/media\/1069"}],"wp:attachment":[{"href":"https:\/\/sto-cars.com\/index.php\/wp-json\/wp\/v2\/media?parent=1113"}],"wp:term":[{"taxonomy":"product_cat","embeddable":true,"href":"https:\/\/sto-cars.com\/index.php\/wp-json\/wp\/v2\/product_cat?post=1113"},{"taxonomy":"product_tag","embeddable":true,"href":"https:\/\/sto-cars.com\/index.php\/wp-json\/wp\/v2\/product_tag?post=1113"}],"curies":[{"name":"wp","href":"https:\/\/api.w.org\/{rel}","templated":true}]}}